{"id":1399,"date":"2022-10-26T20:30:56","date_gmt":"2022-10-26T20:30:56","guid":{"rendered":"https:\/\/zeccer.pl\/pripadove-studie\/"},"modified":"2025-10-15T16:31:59","modified_gmt":"2025-10-15T16:31:59","slug":"pripadove-studie","status":"publish","type":"page","link":"https:\/\/staging.zeccer.pl\/cs\/pripadove-studie\/","title":{"rendered":"P\u0159\u00edpadov\u00e9 studie"},"content":{"rendered":"","protected":false},"excerpt":{"rendered":"","protected":false},"author":1,"featured_media":0,"parent":0,"menu_order":0,"comment_status":"closed","ping_status":"closed","template":"template-blog.blade.php","meta":{"footnotes":""},"class_list":["post-1399","page","type-page","status-publish","hentry"],"acf":[],"yoast_head":"<!-- This site is optimized with the Yoast SEO plugin v20.10 - https:\/\/yoast.com\/wordpress\/plugins\/seo\/ -->\n<title>P\u0159\u00edpadov\u00e9 studie - Zeccer.pl<\/title>\n<meta name=\"robots\" content=\"noindex, follow, max-snippet:-1, max-image-preview:large, max-video-preview:-1\" \/>\n<meta property=\"og:locale\" content=\"cs_CZ\" \/>\n<meta property=\"og:type\" content=\"article\" \/>\n<meta property=\"og:title\" content=\"P\u0159\u00edpadov\u00e9 studie - Zeccer.pl\" \/>\n<meta property=\"og:url\" content=\"https:\/\/staging.zeccer.pl\/cs\/pripadove-studie\/\" \/>\n<meta property=\"og:site_name\" content=\"Zeccer.pl\" \/>\n<meta property=\"article:modified_time\" content=\"2025-10-15T16:31:59+00:00\" \/>\n<meta name=\"twitter:card\" content=\"summary_large_image\" \/>\n<script type=\"application\/ld+json\" class=\"yoast-schema-graph\">{\"@context\":\"https:\/\/schema.org\",\"@graph\":[{\"@type\":\"WebPage\",\"@id\":\"https:\/\/staging.zeccer.pl\/cs\/pripadove-studie\/\",\"url\":\"https:\/\/staging.zeccer.pl\/cs\/pripadove-studie\/\",\"name\":\"P\u0159\u00edpadov\u00e9 studie - Zeccer.pl\",\"isPartOf\":{\"@id\":\"https:\/\/51.102.132.227\/#website\"},\"datePublished\":\"2022-10-26T20:30:56+00:00\",\"dateModified\":\"2025-10-15T16:31:59+00:00\",\"breadcrumb\":{\"@id\":\"https:\/\/staging.zeccer.pl\/cs\/pripadove-studie\/#breadcrumb\"},\"inLanguage\":\"cs\",\"potentialAction\":[{\"@type\":\"ReadAction\",\"target\":[\"https:\/\/staging.zeccer.pl\/cs\/pripadove-studie\/\"]}]},{\"@type\":\"BreadcrumbList\",\"@id\":\"https:\/\/staging.zeccer.pl\/cs\/pripadove-studie\/#breadcrumb\",\"itemListElement\":[{\"@type\":\"ListItem\",\"position\":1,\"name\":\"Strona g\u0142\u00f3wna\",\"item\":\"https:\/\/51.102.132.227\/\"},{\"@type\":\"ListItem\",\"position\":2,\"name\":\"P\u0159\u00edpadov\u00e9 studie\"}]},{\"@type\":\"WebSite\",\"@id\":\"https:\/\/51.102.132.227\/#website\",\"url\":\"https:\/\/51.102.132.227\/\",\"name\":\"Zeccer.pl\",\"description\":\"Punkty samoobs\u0142ugowego druku A4 blisko Ciebie!\",\"potentialAction\":[{\"@type\":\"SearchAction\",\"target\":{\"@type\":\"EntryPoint\",\"urlTemplate\":\"https:\/\/51.102.132.227\/?s={search_term_string}\"},\"query-input\":\"required name=search_term_string\"}],\"inLanguage\":\"cs\"}]}<\/script>\n<!-- \/ Yoast SEO plugin. -->","yoast_head_json":{"title":"P\u0159\u00edpadov\u00e9 studie - Zeccer.pl","robots":{"index":"noindex","follow":"follow","max-snippet":"max-snippet:-1","max-image-preview":"max-image-preview:large","max-video-preview":"max-video-preview:-1"},"og_locale":"cs_CZ","og_type":"article","og_title":"P\u0159\u00edpadov\u00e9 studie - Zeccer.pl","og_url":"https:\/\/staging.zeccer.pl\/cs\/pripadove-studie\/","og_site_name":"Zeccer.pl","article_modified_time":"2025-10-15T16:31:59+00:00","twitter_card":"summary_large_image","schema":{"@context":"https:\/\/schema.org","@graph":[{"@type":"WebPage","@id":"https:\/\/staging.zeccer.pl\/cs\/pripadove-studie\/","url":"https:\/\/staging.zeccer.pl\/cs\/pripadove-studie\/","name":"P\u0159\u00edpadov\u00e9 studie - Zeccer.pl","isPartOf":{"@id":"https:\/\/51.102.132.227\/#website"},"datePublished":"2022-10-26T20:30:56+00:00","dateModified":"2025-10-15T16:31:59+00:00","breadcrumb":{"@id":"https:\/\/staging.zeccer.pl\/cs\/pripadove-studie\/#breadcrumb"},"inLanguage":"cs","potentialAction":[{"@type":"ReadAction","target":["https:\/\/staging.zeccer.pl\/cs\/pripadove-studie\/"]}]},{"@type":"BreadcrumbList","@id":"https:\/\/staging.zeccer.pl\/cs\/pripadove-studie\/#breadcrumb","itemListElement":[{"@type":"ListItem","position":1,"name":"Strona g\u0142\u00f3wna","item":"https:\/\/51.102.132.227\/"},{"@type":"ListItem","position":2,"name":"P\u0159\u00edpadov\u00e9 studie"}]},{"@type":"WebSite","@id":"https:\/\/51.102.132.227\/#website","url":"https:\/\/51.102.132.227\/","name":"Zeccer.pl","description":"Punkty samoobs\u0142ugowego druku A4 blisko Ciebie!","potentialAction":[{"@type":"SearchAction","target":{"@type":"EntryPoint","urlTemplate":"https:\/\/51.102.132.227\/?s={search_term_string}"},"query-input":"required name=search_term_string"}],"inLanguage":"cs"}]}},"_links":{"self":[{"href":"https:\/\/staging.zeccer.pl\/cs\/wp-json\/wp\/v2\/pages\/1399","targetHints":{"allow":["GET"]}}],"collection":[{"href":"https:\/\/staging.zeccer.pl\/cs\/wp-json\/wp\/v2\/pages"}],"about":[{"href":"https:\/\/staging.zeccer.pl\/cs\/wp-json\/wp\/v2\/types\/page"}],"author":[{"embeddable":true,"href":"https:\/\/staging.zeccer.pl\/cs\/wp-json\/wp\/v2\/users\/1"}],"replies":[{"embeddable":true,"href":"https:\/\/staging.zeccer.pl\/cs\/wp-json\/wp\/v2\/comments?post=1399"}],"version-history":[{"count":1,"href":"https:\/\/staging.zeccer.pl\/cs\/wp-json\/wp\/v2\/pages\/1399\/revisions"}],"predecessor-version":[{"id":1400,"href":"https:\/\/staging.zeccer.pl\/cs\/wp-json\/wp\/v2\/pages\/1399\/revisions\/1400"}],"wp:attachment":[{"href":"https:\/\/staging.zeccer.pl\/cs\/wp-json\/wp\/v2\/media?parent=1399"}],"curies":[{"name":"wp","href":"https:\/\/api.w.org\/{rel}","templated":true}]}}